{"id":16,"date":"2013-05-14T20:39:00","date_gmt":"2013-05-14T18:39:00","guid":{"rendered":"http:\/\/spiele-aus-alter-zeit.de\/?page_id=16"},"modified":"2016-01-03T20:02:03","modified_gmt":"2016-01-03T18:02:03","slug":"willkommen-auf-meinen-internet-seiten","status":"publish","type":"page","link":"https:\/\/spiele-aus-alter-zeit.de\/","title":{"rendered":"Willkommen auf meinen Internet-Seiten"},"content":{"rendered":"<p align=\"left\">Lustige Gl\u00fccks-, W\u00fcrfel- und Kartenspiele aus \u201eAlten Zeiten\u201c warten darauf, wieder neue entdeckt zu werden. Dazu sind Sie herzlich eingeladen. Besuchen Sie doch eine meiner Spieleveranstaltungen oder engagieren Sie mich f\u00fcr einen Spielenachmittag zu einem besonderen Event, wie z.B. eine Geburtstagsfeier. Nebenbei erfahren Sie noch viel Wissenswertes zu den jeweiligen Spielen.<\/p>\n<p align=\"left\">Sie k\u00f6nnen sich aber auch f\u00fcr ein einmaliges Bastelerlebnis entscheiden und kreieren ihr eigenes G\u00e4nselaufspiel unter meiner Anleitung.<\/p>\n<p align=\"left\">Gespielt werden k\u00f6nnen Gesellschaftsspiele und Kartenspiele aus dem 18. und 19. Jahrhundert.<\/p>\n<p align=\"left\">Besondere Vorkenntnisse sind nicht erforderlich. Der Spieleablauf wird von mir zu jedem Spiel erkl\u00e4rt.<\/p>\n<p align=\"left\">\n<p align=\"left\">Sie k\u00f6nnen sich f\u00fcr meinen Email-Newsletter registrieren, indem sie eine formlose Email an <a href=\"mailto:newsletter@spiele-aus-alter-zeit.de\">newsletter@spiele-aus-alter-zeit.de<\/a> schicken.<\/p>\n","protected":false},"excerpt":{"rendered":"<p>Lustige Gl\u00fccks-, W\u00fcrfel- und Kartenspiele aus \u201eAlten Zeiten\u201c warten darauf, wieder neue entdeckt zu werden. Dazu sind Sie herzlich eingeladen. Besuchen Sie doch eine meiner Spieleveranstaltungen oder engagieren Sie mich f\u00fcr einen Spielenachmittag zu einem besonderen Event, wie z.B. eine Geburtstagsfeier. Nebenbei erfahren Sie noch viel Wissenswertes zu den jeweiligen Spielen. Sie k\u00f6nnen sich aber [&hellip;]<\/p>\n","protected":false},"author":1,"featured_media":0,"parent":0,"menu_order":0,"comment_status":"closed","ping_status":"closed","template":"","meta":{"footnotes":""},"class_list":["post-16","page","type-page","status-publish","hentry"],"_links":{"self":[{"href":"https:\/\/spiele-aus-alter-zeit.de\/index.php?rest_route=\/wp\/v2\/pages\/16","targetHints":{"allow":["GET"]}}],"collection":[{"href":"https:\/\/spiele-aus-alter-zeit.de\/index.php?rest_route=\/wp\/v2\/pages"}],"about":[{"href":"https:\/\/spiele-aus-alter-zeit.de\/index.php?rest_route=\/wp\/v2\/types\/page"}],"author":[{"embeddable":true,"href":"https:\/\/spiele-aus-alter-zeit.de\/index.php?rest_route=\/wp\/v2\/users\/1"}],"replies":[{"embeddable":true,"href":"https:\/\/spiele-aus-alter-zeit.de\/index.php?rest_route=%2Fwp%2Fv2%2Fcomments&post=16"}],"version-history":[{"count":13,"href":"https:\/\/spiele-aus-alter-zeit.de\/index.php?rest_route=\/wp\/v2\/pages\/16\/revisions"}],"predecessor-version":[{"id":210,"href":"https:\/\/spiele-aus-alter-zeit.de\/index.php?rest_route=\/wp\/v2\/pages\/16\/revisions\/210"}],"wp:attachment":[{"href":"https:\/\/spiele-aus-alter-zeit.de\/index.php?rest_route=%2Fwp%2Fv2%2Fmedia&parent=16"}],"curies":[{"name":"wp","href":"https:\/\/api.w.org\/{rel}","templated":true}]}}