{"id":172,"date":"2013-09-25T11:13:28","date_gmt":"2013-09-25T09:13:28","guid":{"rendered":"http:\/\/spiele-aus-alter-zeit.de\/?page_id=172"},"modified":"2013-09-25T11:13:28","modified_gmt":"2013-09-25T09:13:28","slug":"affen-spiele","status":"publish","type":"page","link":"https:\/\/spiele-aus-alter-zeit.de\/?page_id=172","title":{"rendered":"Affen-Spiele"},"content":{"rendered":"<p align=\"left\">Affenspiele geh\u00f6ren zu den Spirallaufspielen und erfreuten sich im Europa des 19. Jh. gro\u00dfer Beliebtheit. In den wesentlichen Details entsprechen sie den G\u00e4nsespielen.<\/p>\n","protected":false},"excerpt":{"rendered":"<p>Affenspiele geh\u00f6ren zu den Spirallaufspielen und erfreuten sich im Europa des 19. Jh. gro\u00dfer Beliebtheit. In den wesentlichen Details entsprechen sie den G\u00e4nsespielen.<\/p>\n","protected":false},"author":1,"featured_media":0,"parent":161,"menu_order":400,"comment_status":"closed","ping_status":"closed","template":"submenu.php","meta":{"footnotes":""},"class_list":["post-172","page","type-page","status-publish","hentry"],"_links":{"self":[{"href":"https:\/\/spiele-aus-alter-zeit.de\/index.php?rest_route=\/wp\/v2\/pages\/172","targetHints":{"allow":["GET"]}}],"collection":[{"href":"https:\/\/spiele-aus-alter-zeit.de\/index.php?rest_route=\/wp\/v2\/pages"}],"about":[{"href":"https:\/\/spiele-aus-alter-zeit.de\/index.php?rest_route=\/wp\/v2\/types\/page"}],"author":[{"embeddable":true,"href":"https:\/\/spiele-aus-alter-zeit.de\/index.php?rest_route=\/wp\/v2\/users\/1"}],"replies":[{"embeddable":true,"href":"https:\/\/spiele-aus-alter-zeit.de\/index.php?rest_route=%2Fwp%2Fv2%2Fcomments&post=172"}],"version-history":[{"count":1,"href":"https:\/\/spiele-aus-alter-zeit.de\/index.php?rest_route=\/wp\/v2\/pages\/172\/revisions"}],"predecessor-version":[{"id":173,"href":"https:\/\/spiele-aus-alter-zeit.de\/index.php?rest_route=\/wp\/v2\/pages\/172\/revisions\/173"}],"up":[{"embeddable":true,"href":"https:\/\/spiele-aus-alter-zeit.de\/index.php?rest_route=\/wp\/v2\/pages\/161"}],"wp:attachment":[{"href":"https:\/\/spiele-aus-alter-zeit.de\/index.php?rest_route=%2Fwp%2Fv2%2Fmedia&parent=172"}],"curies":[{"name":"wp","href":"https:\/\/api.w.org\/{rel}","templated":true}]}}