{"id":179,"date":"2013-09-25T11:26:58","date_gmt":"2013-09-25T09:26:58","guid":{"rendered":"http:\/\/spiele-aus-alter-zeit.de\/?page_id=179"},"modified":"2013-09-25T11:26:58","modified_gmt":"2013-09-25T09:26:58","slug":"poch","status":"publish","type":"page","link":"https:\/\/spiele-aus-alter-zeit.de\/?page_id=179","title":{"rendered":"Poch"},"content":{"rendered":"<p align=\"left\">Wer mehr auf Poker steht, der sollte auf alle F\u00e4lle einmal das <b>Pochspiel<\/b> ausprobieren. Dieses dreifach gegliederte und deshalb besonders reizvolle Kartenspiel ist n\u00e4mlich auch bekannt als Vorl\u00e4ufer von Poker.<\/p>\n","protected":false},"excerpt":{"rendered":"<p>Wer mehr auf Poker steht, der sollte auf alle F\u00e4lle einmal das Pochspiel ausprobieren. Dieses dreifach gegliederte und deshalb besonders reizvolle Kartenspiel ist n\u00e4mlich auch bekannt als Vorl\u00e4ufer von Poker.<\/p>\n","protected":false},"author":1,"featured_media":0,"parent":40,"menu_order":200,"comment_status":"closed","ping_status":"closed","template":"","meta":{"footnotes":""},"class_list":["post-179","page","type-page","status-publish","hentry"],"_links":{"self":[{"href":"https:\/\/spiele-aus-alter-zeit.de\/index.php?rest_route=\/wp\/v2\/pages\/179","targetHints":{"allow":["GET"]}}],"collection":[{"href":"https:\/\/spiele-aus-alter-zeit.de\/index.php?rest_route=\/wp\/v2\/pages"}],"about":[{"href":"https:\/\/spiele-aus-alter-zeit.de\/index.php?rest_route=\/wp\/v2\/types\/page"}],"author":[{"embeddable":true,"href":"https:\/\/spiele-aus-alter-zeit.de\/index.php?rest_route=\/wp\/v2\/users\/1"}],"replies":[{"embeddable":true,"href":"https:\/\/spiele-aus-alter-zeit.de\/index.php?rest_route=%2Fwp%2Fv2%2Fcomments&post=179"}],"version-history":[{"count":1,"href":"https:\/\/spiele-aus-alter-zeit.de\/index.php?rest_route=\/wp\/v2\/pages\/179\/revisions"}],"predecessor-version":[{"id":180,"href":"https:\/\/spiele-aus-alter-zeit.de\/index.php?rest_route=\/wp\/v2\/pages\/179\/revisions\/180"}],"up":[{"embeddable":true,"href":"https:\/\/spiele-aus-alter-zeit.de\/index.php?rest_route=\/wp\/v2\/pages\/40"}],"wp:attachment":[{"href":"https:\/\/spiele-aus-alter-zeit.de\/index.php?rest_route=%2Fwp%2Fv2%2Fmedia&parent=179"}],"curies":[{"name":"wp","href":"https:\/\/api.w.org\/{rel}","templated":true}]}}