{"id":38,"date":"2013-05-14T21:01:25","date_gmt":"2013-05-14T19:01:25","guid":{"rendered":"http:\/\/spiele-aus-alter-zeit.de\/?page_id=38"},"modified":"2013-10-27T21:34:24","modified_gmt":"2013-10-27T19:34:24","slug":"spiele","status":"publish","type":"page","link":"https:\/\/spiele-aus-alter-zeit.de\/?page_id=38","title":{"rendered":"Spiele"},"content":{"rendered":"<p align=\"left\">Warum gerade \u201eAlte Spiele\u201c?<\/p>\n<p align=\"left\">\u00a0In einer von Hektik und Stress gepr\u00e4gten Zeit verbringen wir oft viel Zeit in virtuellen Spielwelten am PC. Nur allzu oft bleiben dabei die zwischenmenschlichen Kontakte v\u00f6llig auf der Strecke. Ist es nicht viel spannender und aufregender, meinen Spielepartner von Angesicht zu Angesicht kennen zu lernen und zu erleben? Gerade Spiele aus dem 18. Jh. und 19. Jh. sind dazu gut geeignet, denn sie wurden gerne in gr\u00f6\u00dferer, geselliger Runde gespielt. Das macht Spa\u00df und f\u00f6rdert die Kommunikation. Auch heute noch haben sie nichts an Attraktivit\u00e4t verloren und k\u00f6nnen uns in ihren Bann ziehen. Sie sind ein liebenswertes Spiegelbild ihrer Zeit, da sie doch oft mit Themen wie technische Errungenschaften, politische Ereignisse, Reisen, moralische Vorstellungen hinterlegt sind \u2013 alles was Menschen damals bewegte.<\/p>\n<p align=\"left\">Erleben Sie \u201eSpielen\u201c doch einmal ganz anders, tauchen Sie ein in das romantische Flair vergangener Jahrhunderte und am\u00fcsieren Sie sich in netten, lustigen Spielerunden.<\/p>\n<p align=\"left\">Neugierig geworden? Dann probieren Sie es doch einfach mal aus.<\/p>\n","protected":false},"excerpt":{"rendered":"<p>Warum gerade \u201eAlte Spiele\u201c? \u00a0In einer von Hektik und Stress gepr\u00e4gten Zeit verbringen wir oft viel Zeit in virtuellen Spielwelten am PC. Nur allzu oft bleiben dabei die zwischenmenschlichen Kontakte v\u00f6llig auf der Strecke. Ist es nicht viel spannender und aufregender, meinen Spielepartner von Angesicht zu Angesicht kennen zu lernen und zu erleben? Gerade Spiele [&hellip;]<\/p>\n","protected":false},"author":1,"featured_media":0,"parent":0,"menu_order":70,"comment_status":"closed","ping_status":"closed","template":"submenu.php","meta":{"footnotes":""},"class_list":["post-38","page","type-page","status-publish","hentry"],"_links":{"self":[{"href":"https:\/\/spiele-aus-alter-zeit.de\/index.php?rest_route=\/wp\/v2\/pages\/38","targetHints":{"allow":["GET"]}}],"collection":[{"href":"https:\/\/spiele-aus-alter-zeit.de\/index.php?rest_route=\/wp\/v2\/pages"}],"about":[{"href":"https:\/\/spiele-aus-alter-zeit.de\/index.php?rest_route=\/wp\/v2\/types\/page"}],"author":[{"embeddable":true,"href":"https:\/\/spiele-aus-alter-zeit.de\/index.php?rest_route=\/wp\/v2\/users\/1"}],"replies":[{"embeddable":true,"href":"https:\/\/spiele-aus-alter-zeit.de\/index.php?rest_route=%2Fwp%2Fv2%2Fcomments&post=38"}],"version-history":[{"count":7,"href":"https:\/\/spiele-aus-alter-zeit.de\/index.php?rest_route=\/wp\/v2\/pages\/38\/revisions"}],"predecessor-version":[{"id":209,"href":"https:\/\/spiele-aus-alter-zeit.de\/index.php?rest_route=\/wp\/v2\/pages\/38\/revisions\/209"}],"wp:attachment":[{"href":"https:\/\/spiele-aus-alter-zeit.de\/index.php?rest_route=%2Fwp%2Fv2%2Fmedia&parent=38"}],"curies":[{"name":"wp","href":"https:\/\/api.w.org\/{rel}","templated":true}]}}